{"id":201,"date":"2022-11-01T00:02:02","date_gmt":"2022-11-01T00:02:02","guid":{"rendered":"https:\/\/wordenya.com\/?page_id=201"},"modified":"2022-12-14T14:57:23","modified_gmt":"2022-12-14T14:57:23","slug":"bibliotekapostaci","status":"publish","type":"page","link":"https:\/\/wordenya.com\/index.php\/bibliotekapostaci\/","title":{"rendered":"Biblioteka postaci"},"content":{"rendered":"<p>[et_pb_section fb_built=&#8221;1&#8243; admin_label=&#8221;Header&#8221; _builder_version=&#8221;4.18.0&#8243; background_color=&#8221;rgba(10,44,168,0.52)&#8221; use_background_color_gradient=&#8221;on&#8221; background_color_gradient_stops=&#8221;#0858b2 0%|#003870 88%&#8221; background_color_gradient_start=&#8221;#091744&#8243; background_color_gradient_end=&#8221;#091744&#8243; background_image=&#8221;https:\/\/wordenya.com\/wp-content\/uploads\/2022\/12\/Had-ai2-big.jpg&#8221; background_position=&#8221;top_center&#8221; background_vertical_offset=&#8221;32%&#8221; background_blend=&#8221;luminosity&#8221; height=&#8221;435px&#8221; height_tablet=&#8221;542px&#8221; height_phone=&#8221;313px&#8221; height_last_edited=&#8221;on|phone&#8221; custom_padding=&#8221;4vw||16vw||false|false&#8221; bottom_divider_style=&#8221;curve2&#8243; bottom_divider_color=&#8221;gcid-cc1894d4-50cc-4dd0-b329-520706567b0a&#8221; bottom_divider_height=&#8221;12vw&#8221; bottom_divider_repeat=&#8221;1x&#8221; bottom_divider_flip=&#8221;horizontal&#8221; bottom_divider_style_tablet=&#8221;curve2&#8243; bottom_divider_style_phone=&#8221;none&#8221; bottom_divider_style_last_edited=&#8221;on|phone&#8221; animation_direction=&#8221;top&#8221; hover_enabled=&#8221;0&#8243; global_colors_info=&#8221;{%22gcid-cc1894d4-50cc-4dd0-b329-520706567b0a%22:%91%22bottom_divider_color%22%93}&#8221; title_text=&#8221;Had ai2 big&#8221; sticky_enabled=&#8221;0&#8243;][et_pb_row _builder_version=&#8221;4.18.0&#8243; _module_preset=&#8221;default&#8221; global_colors_info=&#8221;{}&#8221;][et_pb_column type=&#8221;4_4&#8243; _builder_version=&#8221;4.18.0&#8243; _module_preset=&#8221;default&#8221; global_colors_info=&#8221;{}&#8221;][et_pb_text _builder_version=&#8221;4.18.0&#8243; _module_preset=&#8221;default&#8221; header_font=&#8221;Cinzel|||||on|||&#8221; header_text_align=&#8221;center&#8221; header_text_color=&#8221;#FFFFFF&#8221; header_font_size=&#8221;86px&#8221; custom_margin=&#8221;67px||||false|false&#8221; animation_style=&#8221;fade&#8221; animation_duration=&#8221;1850ms&#8221; header_font_size_tablet=&#8221;86px&#8221; header_font_size_phone=&#8221;66px&#8221; header_font_size_last_edited=&#8221;on|phone&#8221; header_text_shadow_style=&#8221;preset5&#8243; header_text_shadow_horizontal_length=&#8221;0.06em&#8221; header_text_shadow_vertical_length=&#8221;0.06em&#8221; header_text_shadow_blur_strength=&#8221;0.04em&#8221; header_text_shadow_color=&#8221;#000000&#8243; global_colors_info=&#8221;{}&#8221;]<\/p>\n<h1 style=\"text-align: center;\">Biblioteka<br \/>Postaci<\/h1>\n<p>[\/et_pb_text][\/et_pb_column][\/et_pb_row][\/et_pb_section][et_pb_section fb_built=&#8221;1&#8243; specialty=&#8221;on&#8221; admin_label=&#8221;poczatki&#8221; _builder_version=&#8221;4.18.0&#8243; background_color=&#8221;gcid-cc1894d4-50cc-4dd0-b329-520706567b0a&#8221; use_background_color_gradient=&#8221;on&#8221; background_color_gradient_stops=&#8221;#091744 30%|rgba(18, 42, 84, 1) 47%|rgba(27, 61, 100, 1) 58%|rgba(44, 97, 131, 1) 69%|rgba(78, 169, 191, 1) 100%|gcid-b4845179-667b-4164-8d15-c40d4311a5fd 100%|rgba(90, 194, 212, 1) 100%&#8221; background_position=&#8221;top_center&#8221; global_colors_info=&#8221;{%22gcid-cc1894d4-50cc-4dd0-b329-520706567b0a%22:%91%22background_color%22%93,%22gcid-b4845179-667b-4164-8d15-c40d4311a5fd%22:%91%22background_color_gradient_stops%22%93}&#8221; box_shadow_style__hover=&#8221;none&#8221; box_shadow_style__hover_enabled=&#8221;none&#8221; box_shadow_color__hover=&#8221;rgba(0,0,0,0.3)&#8221; box_shadow_color__hover_enabled=&#8221;rgba(0,0,0,0.3)&#8221;][et_pb_column type=&#8221;1_2&#8243; _builder_version=&#8221;4.16&#8243; custom_padding=&#8221;|||&#8221; global_colors_info=&#8221;{}&#8221; parallax__hover=&#8221;off&#8221; parallax_method__hover=&#8221;on&#8221; custom_padding__hover=&#8221;|||&#8221;][et_pb_text _builder_version=&#8221;4.18.0&#8243; text_font=&#8221;Changa||||||||&#8221; text_text_color=&#8221;#FFFFFF&#8221; text_font_size=&#8221;18px&#8221; text_line_height=&#8221;1.8em&#8221; background_layout=&#8221;dark&#8221; locked=&#8221;off&#8221; global_colors_info=&#8221;{}&#8221;]<\/p>\n<p>Strona w budowie \ud83d\ude42<\/p>\n<p>[\/et_pb_text][\/et_pb_column][et_pb_column type=&#8221;1_2&#8243; specialty_columns=&#8221;2&#8243; _builder_version=&#8221;4.16&#8243; custom_padding=&#8221;|||&#8221; global_colors_info=&#8221;{}&#8221; parallax__hover=&#8221;off&#8221; parallax_method__hover=&#8221;on&#8221; custom_padding__hover=&#8221;|||&#8221;][\/et_pb_column][\/et_pb_section][et_pb_section fb_built=&#8221;1&#8243; fullwidth=&#8221;on&#8221; admin_label=&#8221;Reklamy&#8221; _builder_version=&#8221;4.18.0&#8243; _module_preset=&#8221;default&#8221; background_color=&#8221;#000d33&#8243; width=&#8221;100%&#8221; module_alignment=&#8221;center&#8221; locked=&#8221;off&#8221; global_colors_info=&#8221;{}&#8221;][et_pb_fullwidth_slider _builder_version=&#8221;4.18.0&#8243; _module_preset=&#8221;default&#8221; header_font=&#8221;Averia Serif Libre|||||on|||&#8221; header_font_size=&#8221;22px&#8221; body_font_size=&#8221;22px&#8221; background_image=&#8221;https:\/\/wordenya.com\/wp-content\/uploads\/2022\/10\/Okladka-czarne-pioro-fin-3-scaled.jpg&#8221; custom_button=&#8221;on&#8221; width=&#8221;100%&#8221; height=&#8221;557px&#8221; height_tablet=&#8221;557px&#8221; height_phone=&#8221;303px&#8221; height_last_edited=&#8221;on|phone&#8221; custom_padding=&#8221;151px||553px|||&#8221; link_option_url_new_window=&#8221;on&#8221; global_colors_info=&#8221;{}&#8221;][et_pb_slide heading=&#8221;Czarne pi\u00f3ro&#8221; button_text=&#8221;Kup teraz&#8221; button_link=&#8221;https:\/\/wordenya.com\/index.php\/sklep\/&#8221; use_bg_overlay=&#8221;off&#8221; use_text_overlay=&#8221;off&#8221; _builder_version=&#8221;4.18.0&#8243; _module_preset=&#8221;default&#8221; header_level=&#8221;h1&#8243; header_text_align=&#8221;center&#8221; header_font_size=&#8221;94px&#8221; body_font=&#8221;Changa||||||||&#8221; body_text_align=&#8221;center&#8221; body_text_color=&#8221;rgba(255,255,255,0.79)&#8221; body_font_size=&#8221;22px&#8221; body_line_height=&#8221;1.9em&#8221; background_color=&#8221;#2c3c59&#8243; background_enable_color=&#8221;on&#8221; background_image=&#8221;https:\/\/wordenya.com\/wp-content\/uploads\/2022\/10\/Okladka-czarne-pioro-fin-3-scaled.jpg&#8221; background_enable_image=&#8221;on&#8221; background_blend=&#8221;overlay&#8221; custom_button=&#8221;on&#8221; button_text_size=&#8221;26px&#8221; button_text_color=&#8221;gcid-b4845179-667b-4164-8d15-c40d4311a5fd&#8221; button_bg_color=&#8221;rgba(12,113,195,0.5)&#8221; button_border_width=&#8221;2px&#8221; button_border_color=&#8221;gcid-b4845179-667b-4164-8d15-c40d4311a5fd&#8221; button_border_radius=&#8221;18px&#8221; button_letter_spacing=&#8221;0px&#8221; button_font=&#8221;Changa||||||||&#8221; button_use_icon=&#8221;on&#8221; button_icon=&#8221;&#xe015;||divi||400&#8243; button_icon_placement=&#8221;right&#8221; button_on_hover=&#8221;on&#8221; button_alignment=&#8221;center&#8221; custom_padding_tablet=&#8221;&#8221; custom_padding_phone=&#8221;20px||||false|false&#8221; custom_padding_last_edited=&#8221;on|phone&#8221; header_font_size_tablet=&#8221;94px&#8221; header_font_size_phone=&#8221;62px&#8221; header_font_size_last_edited=&#8221;on|phone&#8221; header_text_shadow_style=&#8221;preset4&#8243; body_text_shadow_style=&#8221;preset4&#8243; body_text_shadow_horizontal_length=&#8221;0.15em&#8221; body_text_shadow_vertical_length=&#8221;0.11em&#8221; body_text_shadow_color=&#8221;#000000&#8243; box_shadow_style_image=&#8221;preset1&#8243; box_shadow_style_button=&#8221;preset2&#8243; box_shadow_horizontal_button=&#8221;7px&#8221; box_shadow_color_button=&#8221;rgba(0,0,0,0.94)&#8221; global_colors_info=&#8221;{%22gcid-b4845179-667b-4164-8d15-c40d4311a5fd%22:%91%22button_border_color%22,%22button_text_color%22%93}&#8221; sticky_transition=&#8221;on&#8221;]<\/p>\n<p>Ksi\u0105\u017cka ju\u017c w sprzeda\u017cy!<\/p>\n<p>[\/et_pb_slide][\/et_pb_fullwidth_slider][\/et_pb_section]<\/p>\n","protected":false},"excerpt":{"rendered":"<p>BibliotekaPostaciStrona w budowie :)Ksi\u0105\u017cka ju\u017c w sprzeda\u017cy!<\/p>\n","protected":false},"author":1,"featured_media":0,"parent":0,"menu_order":0,"comment_status":"closed","ping_status":"closed","template":"","meta":{"_et_pb_use_builder":"on","_et_pb_old_content":"","_et_gb_content_width":"","footnotes":""},"_links":{"self":[{"href":"https:\/\/wordenya.com\/index.php\/wp-json\/wp\/v2\/pages\/201"}],"collection":[{"href":"https:\/\/wordenya.com\/index.php\/wp-json\/wp\/v2\/pages"}],"about":[{"href":"https:\/\/wordenya.com\/index.php\/wp-json\/wp\/v2\/types\/page"}],"author":[{"embeddable":true,"href":"https:\/\/wordenya.com\/index.php\/wp-json\/wp\/v2\/users\/1"}],"replies":[{"embeddable":true,"href":"https:\/\/wordenya.com\/index.php\/wp-json\/wp\/v2\/comments?post=201"}],"version-history":[{"count":12,"href":"https:\/\/wordenya.com\/index.php\/wp-json\/wp\/v2\/pages\/201\/revisions"}],"predecessor-version":[{"id":811,"href":"https:\/\/wordenya.com\/index.php\/wp-json\/wp\/v2\/pages\/201\/revisions\/811"}],"wp:attachment":[{"href":"https:\/\/wordenya.com\/index.php\/wp-json\/wp\/v2\/media?parent=201"}],"curies":[{"name":"wp","href":"https:\/\/api.w.org\/{rel}","templated":true}]}}